{"id":338,"date":"2018-11-21T13:59:44","date_gmt":"2018-11-21T13:59:44","guid":{"rendered":"https:\/\/demo.gloriathemes.com\/eventchamp\/demo\/?page_id=338"},"modified":"2025-07-04T14:47:08","modified_gmt":"2025-07-04T12:47:08","slug":"footer-style-1","status":"publish","type":"page","link":"https:\/\/hrprakse.hr\/en\/footer-style-1\/","title":{"rendered":"Footer"},"content":{"rendered":"<div class=\"wpb-content-wrapper\"><div class=\"vc_row wpb_row vc_row-fluid gt-background-position-initial gt-background-attachment-initial gt-overflow-hidden gt-text-default\"><div class=\"wpb_column vc_column_container vc_col-sm-12\"><div class=\"vc_column-inner\"><div class=\"wpb_wrapper\">\n\t<div  class=\"wpb_single_image wpb_content_element vc_align_center wpb_content_element\">\n\t\t\n\t\t<figure class=\"wpb_wrapper vc_figure\">\n\t\t\t<div class=\"vc_single_image-wrapper   vc_box_border_grey\"><img loading=\"lazy\" decoding=\"async\" width=\"234\" height=\"71\" src=\"https:\/\/hrprakse.hr\/wp-content\/uploads\/2024\/09\/nhrp_en_light_type.png\" class=\"vc_single_image-img attachment-medium\" alt=\"\" title=\"nhrp_hr_light_type\" srcset=\"https:\/\/hrprakse.hr\/wp-content\/uploads\/2024\/09\/nhrp_en_light_type.png 234w, https:\/\/hrprakse.hr\/wp-content\/uploads\/2024\/09\/nhrp_en_light_type-18x6.png 18w\" sizes=\"auto, (max-width: 234px) 100vw, 234px\" \/><\/div>\n\t\t<\/figure>\n\t<\/div>\n\n\t<div class=\"wpb_text_column wpb_content_element footer-info\" >\n\t\t<div class=\"wpb_wrapper\">\n\t\t\t<p style=\"text-align: center;\"><span class=\"copyright-text\">Alma Career Croatia d.o.o., Strojarska cesta 20, 10000 Zagreb, Hrvatska &#8211; OIB: 14273924910 Upisan u registar trgova\u010dkog suda u Zagrebu &#8211; MBS 080343957 &#8211; IBAN HR3023600001102440138 pri Zagreba\u010dka banka d.d. &#8211; Temeljni kapital 2.670,00 EUR upisan u cijelosti &#8211; Predsjednik Uprave Sini\u0161a Komnenovi\u0107<\/span><\/p>\n\n\t\t<\/div>\n\t<\/div>\n\n\t<div class=\"wpb_text_column wpb_content_element\" >\n\t\t<div class=\"wpb_wrapper\">\n\t\t\t<p style=\"text-align: center;\"><span class=\"copyright-text\">Sadr\u017eaj website-a HR Prakse je vlasni\u0161tvo tvrtke Alma Career Croatia d.o.o. Zabranjeno je njegovo preuzimanje bez dozvole, radi komercijalne upotrebe ili u druge svrhe, osim za osobne potrebe posjetitelja website-a. Copyright Alma Career Croatia, 2000. &#8211; 2025.<\/span><\/p>\n\n\t\t<\/div>\n\t<\/div>\n<div class=\"vc_empty_space\"   style=\"height: 20px\"><span class=\"vc_empty_space_inner\"><\/span><\/div><\/div><\/div><\/div><\/div><section class=\"vc_section footer-alma-section\"><div class=\"vc_row wpb_row vc_row-fluid gt-background-position-initial gt-background-attachment-initial gt-overflow-hidden gt-text-default\"><div class=\"wpb_column vc_column_container vc_col-sm-12\"><div class=\"vc_column-inner\"><div class=\"wpb_wrapper\"><div class=\"vc_empty_space\"   style=\"height: 40px\"><span class=\"vc_empty_space_inner\"><\/span><\/div>\n\t<div class=\"wpb_text_column wpb_content_element\" >\n\t\t<div class=\"wpb_wrapper\">\n\t\t\t<p style=\"text-align: center; font-family: Albra; font-size: 26px;\"><strong>We are a member of <span class=\"alma-swirl-1\">Alma Career<\/span> family.<\/strong><\/p>\n\n\t\t<\/div>\n\t<\/div>\n<div class=\"vc_empty_space\"   style=\"height: 40px\"><span class=\"vc_empty_space_inner\"><\/span><\/div><\/div><\/div><\/div><\/div><div class=\"vc_row wpb_row vc_row-fluid footer-alma-links-segment gt-background-position-initial gt-background-attachment-initial gt-overflow-hidden gt-text-default\"><div class=\"wpb_column vc_column_container vc_col-sm-1\/5\"><div class=\"vc_column-inner\"><div class=\"wpb_wrapper\">\n\t<div class=\"wpb_text_column wpb_content_element\" >\n\t\t<div class=\"wpb_wrapper\">\n\t\t\t<p><strong><span style=\"font-family: Inter;\">Central Europe<\/span><\/strong><\/p>\n\n\t\t<\/div>\n\t<\/div>\n<div class=\"vc_empty_space\"   style=\"height: 10px\"><span class=\"vc_empty_space_inner\"><\/span><\/div>\n\t<div class=\"wpb_text_column wpb_content_element\" >\n\t\t<div class=\"wpb_wrapper\">\n\t\t\t<p><a title=\"Jobs.cz \u2013 nejv\u011bt\u0161\u00ed kari\u00e9rn\u00ed port\u00e1l v \u010cR.\" href=\"https:\/\/www.jobs.cz\/\" target=\"_blank\" rel=\"noopener\" data-v-4bd72871=\"\">Jobs.cz<\/a><\/p>\n<p><a title=\"PROFESIA.SK | Pr\u00e1ca, zamestnanie, ponuka pr\u00e1ce, brig\u00e1dy, vo\u013en\u00e9 pracovn\u00e9 miesta\" href=\"https:\/\/www.profesia.sk\/\" target=\"_blank\" rel=\"noopener\" data-v-4bd72871=\"\">Profesia.sk<\/a><\/p>\n<p><a title=\"Tis\u00edce pracovn\u00edch p\u0159\u00edle\u017eitost\u00ed pro ka\u017ed\u00e9ho.\" href=\"https:\/\/www.profesia.cz\/\" target=\"_blank\" rel=\"noopener\" data-v-4bd72871=\"\">Profesia.cz<\/a><\/p>\n<p><a title=\"Prace.cz \u2013 nejv\u00edce pracovn\u00edch nab\u00eddek na jednom m\u00edst\u011b.\" href=\"https:\/\/www.prace.cz\/\" target=\"_blank\" rel=\"noopener\" data-v-4bd72871=\"\">Prace.cz<\/a><\/p>\n<p><a title=\"Presta\u0148te doch\u00e1dza\u0165 a n\u00e1jdite si pr\u00e1cu bl\u00edzko domova. U n\u00e1s si n\u00e1jdete pr\u00e1cu, ktor\u00e1 v\u00e1m bude vyhovova\u0165, \u010di u\u017e v malej rodinnej firme alebo vo ve\u013ekej spolo\u010dnosti.\" href=\"https:\/\/www.pracazarohom.sk\/\" target=\"_blank\" rel=\"noopener\" data-v-4bd72871=\"\">Pr\u00e1ca za rohom<\/a><\/p>\n<p><a title=\"Na Pr\u00e1ci za rohem m\u00e1te nejv\u011bt\u0161\u00ed \u0161anci naj\u00edt si pr\u00e1ci bl\u00edzko domova, bez doj\u00ed\u017ed\u011bn\u00ed.\" href=\"https:\/\/www.pracezarohem.cz\/\" target=\"_blank\" rel=\"noopener\" data-v-4bd72871=\"\">Pr\u00e1ce za rohem<\/a><\/p>\n<p><a title=\"Nie marnuj czasu na dojazdy \u2013 pracuj w miejscu zamieszkania. U nas znajdziesz prac\u0119 na miar\u0119 swoich potrzeb: w ma\u0142ej rodzinnej firmie albo w du\u017cej korporacji.\" href=\"https:\/\/www.pracazarogiem.pl\/\" target=\"_blank\" rel=\"noopener\" data-v-4bd72871=\"\">Praca za rogiem<\/a><\/p>\n<p><a title=\"Na Atmoskop.cz najdete pracovn\u00ed nab\u00eddky firem p\u0159esn\u011b podle va\u0161ich p\u0159edstav.\" href=\"https:\/\/www.atmoskop.cz\/\" target=\"_blank\" rel=\"noopener\" data-v-4bd72871=\"\">Atmoskop<\/a><\/p>\n<p><a title=\"Arnold Robot \u2013 A chatbot that coaxes it out of employees\" href=\"https:\/\/www.arnold-robot.com\/\" target=\"_blank\" rel=\"noopener\" data-v-4bd72871=\"\">Arnold<\/a><\/p>\n\n\t\t<\/div>\n\t<\/div>\n<\/div><\/div><\/div><div class=\"wpb_column vc_column_container vc_col-sm-1\/5\"><div class=\"vc_column-inner\"><div class=\"wpb_wrapper\"><div class=\"vc_empty_space  footer-empty-block\"   style=\"height: 40px\"><span class=\"vc_empty_space_inner\"><\/span><\/div>\n\t<div class=\"wpb_text_column wpb_content_element\" >\n\t\t<div class=\"wpb_wrapper\">\n\t\t\t<p><a title=\"Teamio \u2013 v\u00e1\u0161 partner pro profesion\u00e1ln\u00ed n\u00e1bor.\" href=\"https:\/\/www.teamio.com\/\" target=\"_blank\" rel=\"noopener\" data-v-4bd72871=\"\">Teamio<\/a><\/p>\n<p><a title=\"Nejv\u011bt\u0161\u00ed \u010desko-slovensk\u00e1 online vzd\u011bl\u00e1vac\u00ed platforma s kurzy od hv\u011bzd ve sv\u00fdch oborech.\" href=\"https:\/\/www.seduo.cz\/\" target=\"_blank\" rel=\"noopener\" data-v-4bd72871=\"\">Seduo.cz<\/a><\/p>\n<p><a title=\"Najv\u00e4\u010d\u0161ia \u010desko-slovensk\u00e1 online vzdel\u00e1vacia platforma s videokurzami.\" href=\"https:\/\/www.seduo.sk\/\" target=\"_blank\" rel=\"noopener\" data-v-4bd72871=\"\">Seduo.sk<\/a><\/p>\n<p><a title=\"Kursy online, webinary, szkolenia i kszta\u0142cenie profesjonalne \u2013 Seduo.pl\" href=\"https:\/\/www.seduo.pl\/\" target=\"_blank\" rel=\"noopener\" data-v-4bd72871=\"\">Seduo.pl<\/a><\/p>\n<p><a title=\"Tartalmas tanfolyamok online \u2013 Seduo.hu\" href=\"https:\/\/www.seduo.hu\/\" target=\"_blank\" rel=\"noopener\" data-v-4bd72871=\"\">Seduo.hu<\/a><\/p>\n<p><a title=\"Porovn\u00e1va\u010d plat\u016f v \u010ceskej republike, Pr\u016fzkum mezd na trhu.\" href=\"https:\/\/www.platy.cz\/\" target=\"_blank\" rel=\"noopener\" data-v-4bd72871=\"\">Platy.cz<\/a><\/p>\n<p><a title=\"Porovn\u00e1va\u010d platov na Slovensku, Prieskum miezd na trhu.\" href=\"https:\/\/www.platy.sk\/\" target=\"_blank\" rel=\"noopener\" data-v-4bd72871=\"\">Platy.sk<\/a><\/p>\n<p><a title=\"Salaries by job positions in the world \u2013 Paylab.com\" href=\"https:\/\/www.paylab.com\/\" target=\"_blank\" rel=\"noopener\" data-v-4bd72871=\"\">Paylab.com<\/a><\/p>\n\n\t\t<\/div>\n\t<\/div>\n<\/div><\/div><\/div><div class=\"wpb_column vc_column_container vc_col-sm-1\/5\"><div class=\"vc_column-inner\"><div class=\"wpb_wrapper\">\n\t<div class=\"wpb_text_column wpb_content_element\" >\n\t\t<div class=\"wpb_wrapper\">\n\t\t\t<p class=\"almc-footer__region-heading\"><strong><span style=\"font-family: Inter;\">Baltics<\/span><\/strong><\/p>\n\n\t\t<\/div>\n\t<\/div>\n<div class=\"vc_empty_space\"   style=\"height: 10px\"><span class=\"vc_empty_space_inner\"><\/span><\/div>\n\t<div class=\"wpb_text_column wpb_content_element\" >\n\t\t<div class=\"wpb_wrapper\">\n\t\t\t<p><a title=\"Naujausi darbo pasi\u016blymai (3000+) | CVonline.lt\" href=\"https:\/\/www.cvonline.lt\/\" target=\"_blank\" rel=\"noopener\" data-v-4bd72871=\"\">CVonline.lt<\/a><\/p>\n<p><a title=\"S\u0101kums | CV-Online \u2013 darba pied\u0101v\u0101jumi, vakances, CV, person\u0101la atlase\" href=\"https:\/\/www.cv.lv\/\" target=\"_blank\" rel=\"noopener\" data-v-4bd72871=\"\">CV.lv<\/a><\/p>\n<p><a title=\"T\u00f6\u00f6pakkumised, t\u00f6\u00f6kuulutused, vabad t\u00f6\u00f6kohad | CV.ee\" href=\"https:\/\/www.cv.ee\/\" target=\"_blank\" rel=\"noopener\" data-v-4bd72871=\"\">CV.ee<\/a><\/p>\n<p><a title=\"Daugiau nei 20.000 darbo pasi\u016blym\u0173 vienoje vietoje | Dirbam.lt\" href=\"https:\/\/www.dirbam.lt\/\" target=\"_blank\" rel=\"noopener\" data-v-4bd72871=\"\">Dirbam.It<\/a><\/p>\n<p><a title=\"Visas Vakances un Darba Sludina\u0304jumi | VisiDarbi.lv\" href=\"https:\/\/www.visidarbi.lv\/\" target=\"_blank\" rel=\"noopener\" data-v-4bd72871=\"\">Visidarbi.lv<\/a><\/p>\n<p><a title=\"T\u00f6\u00f6pakkumised, t\u00f6\u00f6kuulutused, vabad t\u00f6\u00f6kohad | Otsint\u00f6\u00f6d.ee\" href=\"https:\/\/www.otsintood.ee\/\" target=\"_blank\" rel=\"noopener\" data-v-4bd72871=\"\">Otsintood.ee<\/a><\/p>\n<p><a title=\"Personalo Atrankos | CV-Online Recruitment\" href=\"https:\/\/personaloatrankos.lt\/\" target=\"_blank\" rel=\"noopener\" data-v-4bd72871=\"\">Personaloatrankos.lt<\/a><\/p>\n<p><a title=\"CV-Online Recruitment | Person\u0101la atlase Latvij\u0101, Baltij\u0101\" href=\"https:\/\/recruitment.lv\/\" target=\"_blank\" rel=\"noopener\" data-v-4bd72871=\"\">Recruitment.lv<\/a><\/p>\n<p><a title=\"V\u00e4rbamisteenused, personaliotsing t\u00f6\u00f6andjatele | CV-Online\" href=\"https:\/\/cvonline.varbamisteenused.ee\/\" target=\"_blank\" rel=\"noopener\" data-v-4bd72871=\"\">Varbamisteenused.ee<\/a><\/p>\n\n\t\t<\/div>\n\t<\/div>\n<\/div><\/div><\/div><div class=\"wpb_column vc_column_container vc_col-sm-1\/5\"><div class=\"vc_column-inner\"><div class=\"wpb_wrapper\">\n\t<div class=\"wpb_text_column wpb_content_element\" >\n\t\t<div class=\"wpb_wrapper\">\n\t\t\t<p class=\"almc-footer__region-heading\"><strong><span style=\"font-family: Inter;\">Adriatic<\/span><\/strong><\/p>\n\n\t\t<\/div>\n\t<\/div>\n<div class=\"vc_empty_space\"   style=\"height: 10px\"><span class=\"vc_empty_space_inner\"><\/span><\/div>\n\t<div class=\"wpb_text_column wpb_content_element\" >\n\t\t<div class=\"wpb_wrapper\">\n\t\t\t<p><a title=\"MojPosao.net - Posao i savjeti za razvoj karijere\" href=\"https:\/\/poslodavci.mojposao.hr\/\" target=\"_blank\" rel=\"noopener\" data-v-4bd72871=\"\">MojPosao<\/a><\/p>\n<p><a title=\"MojPosao.ba | Vode\u0107i portal za zapo\u0161ljavanje\" href=\"https:\/\/www.mojposao.ba\/\" target=\"_blank\" rel=\"noopener\" data-v-4bd72871=\"\">MojPosao.ba<\/a><\/p>\n<p><a title=\"Prosta delovna mesta, zaposlitev in karierni nasveti | Deloglasnik\" href=\"https:\/\/www.deloglasnik.si\/\" target=\"_blank\" rel=\"noopener\" data-v-4bd72871=\"\">Deloglasnik<\/a><\/p>\n<p><a title=\"\u041e\u0433\u043b\u0430\u0441\u0438 \u0437\u0430 \u0440\u0430\u0431\u043e\u0442\u0430 \u0438 \u0441\u043e\u0432\u0435\u0442\u0438 \u0437\u0430 \u043a\u0430\u0440\u0438\u0435\u0440\u0430\" href=\"https:\/\/www.vrabotuvanje.com.mk\/\" target=\"_blank\" rel=\"noopener\" data-v-4bd72871=\"\">Vrabotuvanje<\/a><\/p>\n<p><a title=\"Poslovac | Tvoj lovac na posao\" href=\"https:\/\/www.poslovac.net\/\" target=\"_blank\" rel=\"noopener\" data-v-4bd72871=\"\">Poslovac<\/a><\/p>\n<p><a title=\"Hercul - Cjeloviti alat za predselekciju kandidata\" href=\"https:\/\/www.hercul.hr\/\" target=\"_blank\" rel=\"noopener\" data-v-4bd72871=\"\">Hercul.hr<\/a><\/p>\n<p><a title=\"Virtualvalley | We know how to make great virtual fairs\" href=\"https:\/\/virtualvalley.net\/\" target=\"_blank\" rel=\"noopener\" data-v-4bd72871=\"\">Virtual Valley<\/a><\/p>\n<p><a title=\"Istra\u017eivanje zadovoljstva zaposlenika\" href=\"https:\/\/zadovoljstvozaposlenika.hr\/\" target=\"_blank\" rel=\"noopener\" data-v-4bd72871=\"\">Pulser<\/a><\/p>\n\n\t\t<\/div>\n\t<\/div>\n<\/div><\/div><\/div><div class=\"wpb_column vc_column_container vc_col-sm-1\/5\"><div class=\"vc_column-inner\"><div class=\"wpb_wrapper\">\n\t<div class=\"wpb_text_column wpb_content_element\" >\n\t\t<div class=\"wpb_wrapper\">\n\t\t\t<p class=\"almc-footer__region-heading\"><strong><span style=\"font-family: Inter;\">Scandinavia<\/span><\/strong><\/p>\n\n\t\t<\/div>\n\t<\/div>\n<div class=\"vc_empty_space\"   style=\"height: 10px\"><span class=\"vc_empty_space_inner\"><\/span><\/div>\n\t<div class=\"wpb_text_column wpb_content_element\" >\n\t\t<div class=\"wpb_wrapper\">\n\t\t\t<p><a title=\"Katso avoimet ty\u00f6paikat | Jobly.fi\" href=\"https:\/\/www.jobly.fi\/\" target=\"_blank\" rel=\"noopener\" data-v-4bd72871=\"\">Jobly.fi<\/a><\/p>\n<p><a title=\"Kouluttaudu verkossa \u2013 Alma Talent Seduo \u2013 Seduo\" href=\"https:\/\/seduo.almatalent.fi\/\" target=\"_blank\" rel=\"noopener\" data-v-4bd72871=\"\">Seduo.fi<\/a><\/p>\n\n\t\t<\/div>\n\t<\/div>\n<\/div><\/div><\/div><\/div><div class=\"vc_row wpb_row vc_row-fluid gt-background-position-initial gt-background-attachment-initial gt-overflow-hidden gt-text-default\"><div class=\"wpb_column vc_column_container vc_col-sm-12\"><div class=\"vc_column-inner\"><div class=\"wpb_wrapper\"><div class=\"vc_empty_space\"   style=\"height: 40px\"><span class=\"vc_empty_space_inner\"><\/span><\/div>\n\t<div  class=\"wpb_single_image wpb_content_element vc_align_center wpb_content_element\">\n\t\t\n\t\t<figure class=\"wpb_wrapper vc_figure\">\n\t\t\t<div class=\"vc_single_image-wrapper   vc_box_border_grey\"><img decoding=\"async\" class=\"vc_single_image-img\" src=\"https:\/\/hrprakse.hr\/wp-content\/uploads\/2024\/09\/alma-logo.png\" width=\"159\" height=\"60\" alt=\"alma-logo\" title=\"alma-logo\" loading=\"lazy\" \/><\/div>\n\t\t<\/figure>\n\t<\/div>\n<div class=\"vc_empty_space\"   style=\"height: 20px\"><span class=\"vc_empty_space_inner\"><\/span><\/div>\n\t<div class=\"wpb_text_column wpb_content_element\" >\n\t\t<div class=\"wpb_wrapper\">\n\t\t\t<p style=\"text-align: center; font-family: Albra;\"><strong><span style=\"font-size: 18px;\">A\u00a0better world of work for\u00a0<span class=\"alma-swirl-2\">everyone.<\/span><\/span><\/strong><\/p>\n\n\t\t<\/div>\n\t<\/div>\n<div class=\"vc_empty_space\"   style=\"height: 20px\"><span class=\"vc_empty_space_inner\"><\/span><\/div>\n\t<div class=\"wpb_text_column wpb_content_element\" >\n\t\t<div class=\"wpb_wrapper\">\n\t\t\t<p style=\"text-align: center;\"><span style=\"font-size: 12px;\">\u00a9 Alma Career Oy and its subsidiaries<\/span><\/p>\n\n\t\t<\/div>\n\t<\/div>\n<\/div><\/div><\/div><\/div><\/section>\n<\/div>","protected":false},"excerpt":{"rendered":"Alma Career Croatia d.o.o., Strojarska cesta 20, 10000 Zagreb, Hrvatska - OIB: 14273924910 Upisan u registar trgova\u010dkog suda u Zagrebu - MBS 080343957 - IBAN HR3023600001102440138 pri Zagreba\u010dka banka d.d. - Temeljni kapital 2.670,00 EUR upisan u cijelosti - Predsjednik...","protected":false},"author":2,"featured_media":0,"parent":0,"menu_order":0,"comment_status":"closed","ping_status":"closed","template":"","meta":{"footnotes":""},"class_list":["post-338","page","type-page","status-publish","hentry"],"yoast_head":"<!-- This site is optimized with the Yoast SEO plugin v26.2 - https:\/\/yoast.com\/wordpress\/plugins\/seo\/ -->\n<title>Footer - HR Prakse<\/title>\n<meta name=\"robots\" content=\"index, follow, max-snippet:-1, max-image-preview:large, max-video-preview:-1\" \/>\n<link rel=\"canonical\" href=\"https:\/\/hrprakse.hr\/en\/footer-style-1\/\" \/>\n<meta property=\"og:locale\" content=\"en_GB\" \/>\n<meta property=\"og:type\" content=\"article\" \/>\n<meta property=\"og:title\" content=\"Footer - HR Prakse\" \/>\n<meta property=\"og:url\" content=\"https:\/\/hrprakse.hr\/en\/footer-style-1\/\" \/>\n<meta property=\"og:site_name\" content=\"HR Prakse\" \/>\n<meta property=\"article:modified_time\" content=\"2025-07-04T12:47:08+00:00\" \/>\n<meta name=\"twitter:card\" content=\"summary_large_image\" \/>\n<meta name=\"twitter:label1\" content=\"Estimated reading time\" \/>\n\t<meta name=\"twitter:data1\" content=\"2 minutes\" \/>\n<script type=\"application\/ld+json\" class=\"yoast-schema-graph\">{\"@context\":\"https:\/\/schema.org\",\"@graph\":[{\"@type\":\"WebPage\",\"@id\":\"https:\/\/hrprakse.hr\/footer-style-1\/\",\"url\":\"https:\/\/hrprakse.hr\/footer-style-1\/\",\"name\":\"Footer - HR Prakse\",\"isPartOf\":{\"@id\":\"https:\/\/hrprakse.hr\/#website\"},\"datePublished\":\"2018-11-21T13:59:44+00:00\",\"dateModified\":\"2025-07-04T12:47:08+00:00\",\"inLanguage\":\"en-GB\",\"potentialAction\":[{\"@type\":\"ReadAction\",\"target\":[\"https:\/\/hrprakse.hr\/footer-style-1\/\"]}]},{\"@type\":\"WebSite\",\"@id\":\"https:\/\/hrprakse.hr\/#website\",\"url\":\"https:\/\/hrprakse.hr\/\",\"name\":\"HR Prakse\",\"description\":\"najbolje regionalne prakse\",\"potentialAction\":[{\"@type\":\"SearchAction\",\"target\":{\"@type\":\"EntryPoint\",\"urlTemplate\":\"https:\/\/hrprakse.hr\/?s={search_term_string}\"},\"query-input\":{\"@type\":\"PropertyValueSpecification\",\"valueRequired\":true,\"valueName\":\"search_term_string\"}}],\"inLanguage\":\"en-GB\"}]}<\/script>\n<!-- \/ Yoast SEO plugin. -->","yoast_head_json":{"title":"Footer - HR Prakse","robots":{"index":"index","follow":"follow","max-snippet":"max-snippet:-1","max-image-preview":"max-image-preview:large","max-video-preview":"max-video-preview:-1"},"canonical":"https:\/\/hrprakse.hr\/en\/footer-style-1\/","og_locale":"en_GB","og_type":"article","og_title":"Footer - HR Prakse","og_url":"https:\/\/hrprakse.hr\/en\/footer-style-1\/","og_site_name":"HR Prakse","article_modified_time":"2025-07-04T12:47:08+00:00","twitter_card":"summary_large_image","twitter_misc":{"Estimated reading time":"2 minutes"},"schema":{"@context":"https:\/\/schema.org","@graph":[{"@type":"WebPage","@id":"https:\/\/hrprakse.hr\/footer-style-1\/","url":"https:\/\/hrprakse.hr\/footer-style-1\/","name":"Footer - HR Prakse","isPartOf":{"@id":"https:\/\/hrprakse.hr\/#website"},"datePublished":"2018-11-21T13:59:44+00:00","dateModified":"2025-07-04T12:47:08+00:00","inLanguage":"en-GB","potentialAction":[{"@type":"ReadAction","target":["https:\/\/hrprakse.hr\/footer-style-1\/"]}]},{"@type":"WebSite","@id":"https:\/\/hrprakse.hr\/#website","url":"https:\/\/hrprakse.hr\/","name":"HR Practice","description":"najbolje regionalne prakse","potentialAction":[{"@type":"SearchAction","target":{"@type":"EntryPoint","urlTemplate":"https:\/\/hrprakse.hr\/?s={search_term_string}"},"query-input":{"@type":"PropertyValueSpecification","valueRequired":true,"valueName":"search_term_string"}}],"inLanguage":"en-GB"}]}},"_links":{"self":[{"href":"https:\/\/hrprakse.hr\/en\/wp-json\/wp\/v2\/pages\/338","targetHints":{"allow":["GET"]}}],"collection":[{"href":"https:\/\/hrprakse.hr\/en\/wp-json\/wp\/v2\/pages"}],"about":[{"href":"https:\/\/hrprakse.hr\/en\/wp-json\/wp\/v2\/types\/page"}],"author":[{"embeddable":true,"href":"https:\/\/hrprakse.hr\/en\/wp-json\/wp\/v2\/users\/2"}],"replies":[{"embeddable":true,"href":"https:\/\/hrprakse.hr\/en\/wp-json\/wp\/v2\/comments?post=338"}],"version-history":[{"count":32,"href":"https:\/\/hrprakse.hr\/en\/wp-json\/wp\/v2\/pages\/338\/revisions"}],"predecessor-version":[{"id":4898,"href":"https:\/\/hrprakse.hr\/en\/wp-json\/wp\/v2\/pages\/338\/revisions\/4898"}],"wp:attachment":[{"href":"https:\/\/hrprakse.hr\/en\/wp-json\/wp\/v2\/media?parent=338"}],"curies":[{"name":"wp","href":"https:\/\/api.w.org\/{rel}","templated":true}]}}