{"id":3245,"date":"2022-02-15T19:34:03","date_gmt":"2022-02-15T19:34:03","guid":{"rendered":"https:\/\/hrprakse.hr\/register\/"},"modified":"2022-03-02T12:22:17","modified_gmt":"2022-03-02T11:22:17","slug":"register","status":"publish","type":"page","link":"https:\/\/hrprakse.hr\/en\/register\/","title":{"rendered":"Registration"},"content":{"rendered":"<div class=\"um um-register um-3239\">\n\t<div class=\"um-form\" data-mode=\"register\">\n\t\t<form method=\"post\" action=\"\" data-trp-original-action=\"\">\n\t\t\t<div class=\"um-row _um_row_1\" style=\"margin: 0 0 30px 0;\"><div class=\"um-col-1\"><div  id=\"um_field_3239_user_login\" class=\"um-field um-field-text  um-field-user_login um-field-text um-field-type_text\" data-key=\"user_login\"><div class=\"um-field-label\"><div class=\"um-field-label-icon\"><i class=\"um-faicon-user\" aria-label=\"Korisni\u010dko ime\"><\/i><\/div><label for=\"user_login-3239\">Korisni\u010dko ime<\/label><div class=\"um-clear\"><\/div><\/div><div class=\"um-field-area\"><input  autocomplete=\"off\" class=\"um-form-field valid\" type=\"text\" name=\"user_login-3239\" id=\"user_login-3239\" value=\"\" placeholder=\"\" data-validate=\"unique_username\" data-key=\"user_login\"  aria-invalid=\"false\" \/>\n\n\t\t\t\t\t\t<\/div><\/div><div  id=\"um_field_3239_first_name\" class=\"um-field um-field-text  um-field-first_name um-field-text um-field-type_text\" data-key=\"first_name\"><div class=\"um-field-label\"><div class=\"um-field-label-icon\"><i class=\"um-icon-ios-personadd\" aria-label=\"Ime\"><\/i><\/div><label for=\"first_name-3239\">Ime<\/label><div class=\"um-clear\"><\/div><\/div><div class=\"um-field-area\"><input  autocomplete=\"off\" class=\"um-form-field valid\" type=\"text\" name=\"first_name-3239\" id=\"first_name-3239\" value=\"\" placeholder=\"\" data-validate=\"\" data-key=\"first_name\"  aria-invalid=\"false\" \/>\n\n\t\t\t\t\t\t<\/div><\/div><div  id=\"um_field_3239_last_name\" class=\"um-field um-field-text  um-field-last_name um-field-text um-field-type_text\" data-key=\"last_name\"><div class=\"um-field-label\"><div class=\"um-field-label-icon\"><i class=\"um-icon-ios-personadd-outline\" aria-label=\"Prezime\"><\/i><\/div><label for=\"last_name-3239\">Prezime<\/label><div class=\"um-clear\"><\/div><\/div><div class=\"um-field-area\"><input  autocomplete=\"off\" class=\"um-form-field valid\" type=\"text\" name=\"last_name-3239\" id=\"last_name-3239\" value=\"\" placeholder=\"\" data-validate=\"\" data-key=\"last_name\"  aria-invalid=\"false\" \/>\n\n\t\t\t\t\t\t<\/div><\/div><div  id=\"um_field_3239_user_email\" class=\"um-field um-field-text  um-field-user_email um-field-text um-field-type_text\" data-key=\"user_email\"><div class=\"um-field-label\"><div class=\"um-field-label-icon\"><i class=\"um-icon-email\" aria-label=\"E-mail\"><\/i><\/div><label for=\"user_email-3239\">E-mail<\/label><div class=\"um-clear\"><\/div><\/div><div class=\"um-field-area\"><input  autocomplete=\"off\" class=\"um-form-field valid\" type=\"text\" name=\"user_email-3239\" id=\"user_email-3239\" value=\"\" placeholder=\"\" data-validate=\"unique_email\" data-key=\"user_email\"  aria-invalid=\"false\" \/>\n\n\t\t\t\t\t\t<\/div><\/div><div  id=\"um_field_3239_user_password\" class=\"um-field um-field-password  um-field-user_password um-field-password um-field-type_password\" data-key=\"user_password\"><div class=\"um-field-label\"><div class=\"um-field-label-icon\"><i class=\"um-icon-lock-combination\" aria-label=\"Password\"><\/i><\/div><label for=\"user_password-3239\">Password<\/label><div class=\"um-clear\"><\/div><\/div><div class=\"um-field-area\"><input class=\"um-form-field valid\" type=\"password\" name=\"user_password-3239\" id=\"user_password-3239\" value=\"\" placeholder=\"\" data-validate=\"\" data-key=\"user_password\"  aria-invalid=\"false\" \/>\n\n\t\t\t\t\t\t\t<\/div><\/div><div  id=\"um_field_3239_confirm_user_password\" class=\"um-field um-field-password  um-field-user_password um-field-password um-field-type_password\" data-key=\"confirm_user_password\"><div class=\"um-field-label\"><div class=\"um-field-label-icon\"><i class=\"um-icon-lock-combination\" aria-label=\"Potvrdi lozinku\"><\/i><\/div><label for=\"confirm_user_password-3239\">Potvrdi lozinku<\/label><div class=\"um-clear\"><\/div><\/div><div class=\"um-field-area\"><input class=\"um-form-field valid\" type=\"password\" name=\"confirm_user_password-3239\" id=\"confirm_user_password-3239\" value=\"\" placeholder=\"Potvrdi lozinku\" data-validate=\"\" data-key=\"confirm_user_password\"  aria-invalid=\"false\" \/><\/div><\/div><div  id=\"um_field_3239_first_name_7\" class=\"um-field um-field-text  um-field-first_name_7 um-field-text um-field-type_text\" data-key=\"first_name_7\"><div class=\"um-field-label\"><div class=\"um-field-label-icon\"><i class=\"um-faicon-briefcase\" aria-label=\"Tvrtka\"><\/i><\/div><label for=\"first_name_7-3239\">Tvrtka<\/label><div class=\"um-clear\"><\/div><\/div><div class=\"um-field-area\"><input  autocomplete=\"off\" class=\"um-form-field valid not-required\" type=\"text\" name=\"first_name_7-3239\" id=\"first_name_7-3239\" value=\"\" placeholder=\"\" data-validate=\"\" data-key=\"first_name_7\"  aria-invalid=\"false\" \/>\n\n\t\t\t\t\t\t<\/div><\/div><div  id=\"um_field_3239_first_name_7_8\" class=\"um-field um-field-text  um-field-first_name_7_8 um-field-text um-field-type_text\" data-key=\"first_name_7_8\"><div class=\"um-field-label\"><div class=\"um-field-label-icon\"><i class=\"um-icon-ios-people-outline\" aria-label=\"Broj zaposlenika\"><\/i><\/div><label for=\"first_name_7_8-3239\">Broj zaposlenika<\/label><div class=\"um-clear\"><\/div><\/div><div class=\"um-field-area\"><input  autocomplete=\"off\" class=\"um-form-field valid not-required\" type=\"text\" name=\"first_name_7_8-3239\" id=\"first_name_7_8-3239\" value=\"\" placeholder=\"\" data-validate=\"\" data-key=\"first_name_7_8\"  aria-invalid=\"false\" \/>\n\n\t\t\t\t\t\t<\/div><\/div><div  id=\"um_field_3239_first_name_7_8_9\" class=\"um-field um-field-text  um-field-first_name_7_8_9 um-field-text um-field-type_text\" data-key=\"first_name_7_8_9\"><div class=\"um-field-label\"><div class=\"um-field-label-icon\"><i class=\"um-faicon-sort-numeric-asc\" aria-label=\"OIB\"><\/i><\/div><label for=\"first_name_7_8_9-3239\">OIB<\/label><div class=\"um-clear\"><\/div><\/div><div class=\"um-field-area\"><input  autocomplete=\"off\" class=\"um-form-field valid not-required\" type=\"text\" name=\"first_name_7_8_9-3239\" id=\"first_name_7_8_9-3239\" value=\"\" placeholder=\"\" data-validate=\"\" data-key=\"first_name_7_8_9\"  aria-invalid=\"false\" \/>\n\n\t\t\t\t\t\t<\/div><\/div><div  id=\"um_field_3239_first_name_7_8_9_10\" class=\"um-field um-field-text  um-field-first_name_7_8_9_10 um-field-text um-field-type_text\" data-key=\"first_name_7_8_9_10\"><div class=\"um-field-label\"><div class=\"um-field-label-icon\"><i class=\"um-icon-ios-home\" aria-label=\"Address\"><\/i><\/div><label for=\"first_name_7_8_9_10-3239\">Address<\/label><div class=\"um-clear\"><\/div><\/div><div class=\"um-field-area\"><input  autocomplete=\"off\" class=\"um-form-field valid not-required\" type=\"text\" name=\"first_name_7_8_9_10-3239\" id=\"first_name_7_8_9_10-3239\" value=\"\" placeholder=\"\" data-validate=\"\" data-key=\"first_name_7_8_9_10\"  aria-invalid=\"false\" \/>\n\n\t\t\t\t\t\t<\/div><\/div><div  id=\"um_field_3239_first_name_7_8_9_10_11\" class=\"um-field um-field-text  um-field-first_name_7_8_9_10_11 um-field-text um-field-type_text\" data-key=\"first_name_7_8_9_10_11\"><div class=\"um-field-label\"><div class=\"um-field-label-icon\"><i class=\"um-icon-ios-telephone\" aria-label=\"Telefon\"><\/i><\/div><label for=\"first_name_7_8_9_10_11-3239\">Telefon<\/label><div class=\"um-clear\"><\/div><\/div><div class=\"um-field-area\"><input  autocomplete=\"off\" class=\"um-form-field valid not-required\" type=\"text\" name=\"first_name_7_8_9_10_11-3239\" id=\"first_name_7_8_9_10_11-3239\" value=\"\" placeholder=\"\" data-validate=\"\" data-key=\"first_name_7_8_9_10_11\"  aria-invalid=\"false\" \/>\n\n\t\t\t\t\t\t<\/div><\/div><div  id=\"um_field_3239_uvjeti_koristenja_3\" class=\"um-field um-field-checkbox  um-field-uvjeti_koristenja_3 um-field-checkbox um-field-type_checkbox\" data-key=\"uvjeti_koristenja_3\"  aria-invalid=\"false\" ><div class=\"um-field-label\"><label for=\"uvjeti_koristenja_3-3239\">Uvjeti kori\u0161tenja<\/label><div class=\"um-clear\"><\/div><\/div><div class=\"um-field-area\"><label class=\"um-field-checkbox  um-field-half\"><input   type=\"checkbox\" name=\"uvjeti_koristenja_3[]\" value=\"Prihvati uvjete kori\u0161tenja\"  \/><span class=\"um-field-checkbox-state\"><i class=\"um-icon-android-checkbox-outline-blank\"><\/i><\/span><span class=\"um-field-checkbox-option\">Prihvati uvjete kori\u0161tenja<\/span><\/label><div class=\"um-clear\"><\/div><\/div><\/div><div  class=\"um-field um-field-block  um-field-block um-field-type_block\" data-key=\"um_block_3239_13\"><a href=\"https:\/\/hrprakse.hr\/wp-content\/uploads\/2024\/12\/Terms_of_Use_2025_Best-regional-HR-practices.pdf\" target=\"_blank\" rel=\"noopener\">Download Terms and conditions<\/a><\/div><\/div><\/div>\t<input type=\"hidden\" name=\"form_id\" id=\"form_id_3239\" value=\"3239\" \/>\n\t\t<p class=\"um_request_name\">\n\t\t<label for=\"um_request_3239\">Only fill in if you are not human<\/label>\n\t\t<input type=\"hidden\" name=\"um_request\" id=\"um_request_3239\" class=\"input\" value=\"\" size=\"25\" autocomplete=\"off\" \/>\n\t<\/p>\n\t<input type=\"hidden\" id=\"_wpnonce\" name=\"_wpnonce\" value=\"f6ef6b5483\" \/><input type=\"hidden\" name=\"_wp_http_referer\" value=\"\/en\/wp-json\/wp\/v2\/pages\/3245\" \/>\n\t<div class=\"um-col-alt\">\n\n\t\t\n\t\t\t<div class=\"um-left um-half\">\n\t\t\t\t<input type=\"submit\" value=\"Registriraj se\" class=\"um-button\" id=\"um-submit-btn\" \/>\n\t\t\t<\/div>\n\t\t\t<div class=\"um-right um-half\">\n\t\t\t\t<a href=\"https:\/\/hrprakse.hr\/en\/login-2\/\" class=\"um-button um-alt\">\n\t\t\t\t\tAPPLY\t\t\t\t<\/a>\n\t\t\t<\/div>\n\n\t\t\n\t\t<div class=\"um-clear\"><\/div>\n\n\t<\/div>\n\n\t\t\t<input type=\"hidden\" name=\"trp-form-language\" value=\"en\"\/><\/form>\n\t<\/div>\n<\/div>\n<style>\n\t\t\t.um-3239.um {\n\t\t\tmax-width: 450px;\n\t\t}\n\t\t<\/style>","protected":false},"excerpt":{"rendered":"Korisni\u010dko ime Ime Prezime E-mail Lozinka Potvrdi lozinkuTvrtka Broj zaposlenika OIB Adresa Telefon Uvjeti kori\u0161tenjaPrihvati uvjete kori\u0161tenjaPreuzmi uvjete kori\u0161tenja Only fill in if you are not human Prijavi se","protected":false},"author":2,"featured_media":0,"parent":0,"menu_order":0,"comment_status":"closed","ping_status":"closed","template":"","meta":{"footnotes":""},"class_list":["post-3245","page","type-page","status-publish","hentry"],"yoast_head":"<!-- This site is optimized with the Yoast SEO plugin v26.2 - https:\/\/yoast.com\/wordpress\/plugins\/seo\/ -->\n<title>Registracija - HR Prakse<\/title>\n<meta name=\"robots\" content=\"index, follow, max-snippet:-1, max-image-preview:large, max-video-preview:-1\" \/>\n<link rel=\"canonical\" href=\"https:\/\/hrprakse.hr\/en\/register\/\" \/>\n<meta property=\"og:locale\" content=\"en_GB\" \/>\n<meta property=\"og:type\" content=\"article\" \/>\n<meta property=\"og:title\" content=\"Registracija - HR Prakse\" \/>\n<meta property=\"og:url\" content=\"https:\/\/hrprakse.hr\/en\/register\/\" \/>\n<meta property=\"og:site_name\" content=\"HR Prakse\" \/>\n<meta property=\"article:modified_time\" content=\"2022-03-02T11:22:17+00:00\" \/>\n<meta name=\"twitter:card\" content=\"summary_large_image\" \/>\n<script type=\"application\/ld+json\" class=\"yoast-schema-graph\">{\"@context\":\"https:\/\/schema.org\",\"@graph\":[{\"@type\":\"WebPage\",\"@id\":\"https:\/\/hrprakse.hr\/register\/\",\"url\":\"https:\/\/hrprakse.hr\/register\/\",\"name\":\"Registracija - HR Prakse\",\"isPartOf\":{\"@id\":\"https:\/\/hrprakse.hr\/#website\"},\"datePublished\":\"2022-02-15T19:34:03+00:00\",\"dateModified\":\"2022-03-02T11:22:17+00:00\",\"inLanguage\":\"en-GB\",\"potentialAction\":[{\"@type\":\"ReadAction\",\"target\":[\"https:\/\/hrprakse.hr\/register\/\"]}]},{\"@type\":\"WebSite\",\"@id\":\"https:\/\/hrprakse.hr\/#website\",\"url\":\"https:\/\/hrprakse.hr\/\",\"name\":\"HR Prakse\",\"description\":\"najbolje regionalne prakse\",\"potentialAction\":[{\"@type\":\"SearchAction\",\"target\":{\"@type\":\"EntryPoint\",\"urlTemplate\":\"https:\/\/hrprakse.hr\/?s={search_term_string}\"},\"query-input\":{\"@type\":\"PropertyValueSpecification\",\"valueRequired\":true,\"valueName\":\"search_term_string\"}}],\"inLanguage\":\"en-GB\"}]}<\/script>\n<!-- \/ Yoast SEO plugin. -->","yoast_head_json":{"title":"Registracija - HR Prakse","robots":{"index":"index","follow":"follow","max-snippet":"max-snippet:-1","max-image-preview":"max-image-preview:large","max-video-preview":"max-video-preview:-1"},"canonical":"https:\/\/hrprakse.hr\/en\/register\/","og_locale":"en_GB","og_type":"article","og_title":"Registracija - HR Prakse","og_url":"https:\/\/hrprakse.hr\/en\/register\/","og_site_name":"HR Prakse","article_modified_time":"2022-03-02T11:22:17+00:00","twitter_card":"summary_large_image","schema":{"@context":"https:\/\/schema.org","@graph":[{"@type":"WebPage","@id":"https:\/\/hrprakse.hr\/register\/","url":"https:\/\/hrprakse.hr\/register\/","name":"Registracija - HR Prakse","isPartOf":{"@id":"https:\/\/hrprakse.hr\/#website"},"datePublished":"2022-02-15T19:34:03+00:00","dateModified":"2022-03-02T11:22:17+00:00","inLanguage":"en-GB","potentialAction":[{"@type":"ReadAction","target":["https:\/\/hrprakse.hr\/register\/"]}]},{"@type":"WebSite","@id":"https:\/\/hrprakse.hr\/#website","url":"https:\/\/hrprakse.hr\/","name":"HR Practice","description":"najbolje regionalne prakse","potentialAction":[{"@type":"SearchAction","target":{"@type":"EntryPoint","urlTemplate":"https:\/\/hrprakse.hr\/?s={search_term_string}"},"query-input":{"@type":"PropertyValueSpecification","valueRequired":true,"valueName":"search_term_string"}}],"inLanguage":"en-GB"}]}},"_links":{"self":[{"href":"https:\/\/hrprakse.hr\/en\/wp-json\/wp\/v2\/pages\/3245","targetHints":{"allow":["GET"]}}],"collection":[{"href":"https:\/\/hrprakse.hr\/en\/wp-json\/wp\/v2\/pages"}],"about":[{"href":"https:\/\/hrprakse.hr\/en\/wp-json\/wp\/v2\/types\/page"}],"author":[{"embeddable":true,"href":"https:\/\/hrprakse.hr\/en\/wp-json\/wp\/v2\/users\/2"}],"replies":[{"embeddable":true,"href":"https:\/\/hrprakse.hr\/en\/wp-json\/wp\/v2\/comments?post=3245"}],"version-history":[{"count":1,"href":"https:\/\/hrprakse.hr\/en\/wp-json\/wp\/v2\/pages\/3245\/revisions"}],"predecessor-version":[{"id":3455,"href":"https:\/\/hrprakse.hr\/en\/wp-json\/wp\/v2\/pages\/3245\/revisions\/3455"}],"wp:attachment":[{"href":"https:\/\/hrprakse.hr\/en\/wp-json\/wp\/v2\/media?parent=3245"}],"curies":[{"name":"wp","href":"https:\/\/api.w.org\/{rel}","templated":true}]}}