{"id":3244,"date":"2022-02-15T19:34:03","date_gmt":"2022-02-15T19:34:03","guid":{"rendered":"https:\/\/hrprakse.hr\/login-2\/"},"modified":"2022-03-23T12:28:39","modified_gmt":"2022-03-23T11:28:39","slug":"login-2","status":"publish","type":"page","link":"https:\/\/hrprakse.hr\/en\/login-2\/","title":{"rendered":"Application"},"content":{"rendered":"<div class=\"um um-login um-3240\">\n\t<div class=\"um-form\">\n\t\t<form method=\"post\" action=\"\" autocomplete=\"off\" data-trp-original-action=\"\">\n\t\t\t<div class=\"um-row _um_row_1\" style=\"margin: 0 0 30px 0;\"><div class=\"um-col-1\"><div  id=\"um_field_3240_username\" class=\"um-field um-field-text  um-field-username um-field-text um-field-type_text\" data-key=\"username\"><div class=\"um-field-label\"><label for=\"username-3240\">Username or E-mail<\/label><div class=\"um-clear\"><\/div><\/div><div class=\"um-field-area\"><input  autocomplete=\"off\" class=\"um-form-field valid\" type=\"text\" name=\"username-3240\" id=\"username-3240\" value=\"\" placeholder=\"\" data-validate=\"unique_username_or_email\" data-key=\"username\"  aria-invalid=\"false\" \/>\n\n\t\t\t\t\t\t<\/div><\/div><div  id=\"um_field_3240_user_password\" class=\"um-field um-field-password  um-field-user_password um-field-password um-field-type_password\" data-key=\"user_password\"><div class=\"um-field-label\"><label for=\"user_password-3240\">Password<\/label><div class=\"um-clear\"><\/div><\/div><div class=\"um-field-area\"><input class=\"um-form-field valid\" type=\"password\" name=\"user_password-3240\" id=\"user_password-3240\" value=\"\" placeholder=\"\" data-validate=\"\" data-key=\"user_password\"  aria-invalid=\"false\" \/>\n\n\t\t\t\t\t\t\t<\/div><\/div><div  id=\"um_field_3240_uvjeti_koristenja_2\" class=\"um-field um-field-checkbox  um-field-uvjeti_koristenja_2 um-field-checkbox um-field-type_checkbox\" data-key=\"uvjeti_koristenja_2\"  aria-invalid=\"false\" ><div class=\"um-field-label\"><label for=\"uvjeti_koristenja_2-3240\">Uvjeti kori\u0161tenja<\/label><div class=\"um-clear\"><\/div><\/div><div class=\"um-field-area\"><label class=\"um-field-checkbox  um-field-half\"><input   type=\"checkbox\" name=\"uvjeti_koristenja_2[]\" value=\"Prihvati uvjete kori\u0161tenja\"  \/><span class=\"um-field-checkbox-state\"><i class=\"um-icon-android-checkbox-outline-blank\"><\/i><\/span><span class=\"um-field-checkbox-option\">Prihvati uvjete kori\u0161tenja<\/span><\/label><div class=\"um-clear\"><\/div><\/div><\/div><div  class=\"um-field um-field-block  um-field-block um-field-type_block\" data-key=\"um_block_3239_13\"><a href=\"https:\/\/hrprakse.hr\/wp-content\/uploads\/2024\/12\/Terms_of_Use_2025_Best-regional-HR-practices.pdf\" target=\"_blank\" rel=\"noopener\">Download Terms and conditions<\/a><\/div><\/div><\/div>\t<input type=\"hidden\" name=\"form_id\" id=\"form_id_3240\" value=\"3240\" \/>\n\t\t<p class=\"um_request_name\">\n\t\t<label for=\"um_request_3240\">Only fill in if you are not human<\/label>\n\t\t<input type=\"hidden\" name=\"um_request\" id=\"um_request_3240\" class=\"input\" value=\"\" size=\"25\" autocomplete=\"off\" \/>\n\t<\/p>\n\t<input type=\"hidden\" id=\"_wpnonce\" name=\"_wpnonce\" value=\"bb27e426e5\" \/><input type=\"hidden\" name=\"_wp_http_referer\" value=\"\/en\/wp-json\/wp\/v2\/pages\/3244\" \/>\n\t<div class=\"um-col-alt\">\n\n\t\t\n\n\t\t\t<div class=\"um-field um-field-c\">\n\t\t\t\t<div class=\"um-field-area\">\n\t\t\t\t\t<label class=\"um-field-checkbox\">\n\t\t\t\t\t\t<input type=\"checkbox\" name=\"rememberme\" value=\"1\"  \/>\n\t\t\t\t\t\t<span class=\"um-field-checkbox-state\"><i class=\"um-icon-android-checkbox-outline-blank\"><\/i><\/span>\n\t\t\t\t\t\t<span class=\"um-field-checkbox-option\"> Keep me signed in<\/span>\n\t\t\t\t\t<\/label>\n\t\t\t\t<\/div>\n\t\t\t<\/div>\n\n\t\t\t\t\t\t<div class=\"um-clear\"><\/div>\n\t\t\n\t\t\t<div class=\"um-left um-half\">\n\t\t\t\t<input type=\"submit\" value=\"APPLY\" class=\"um-button\" id=\"um-submit-btn\" \/>\n\t\t\t<\/div>\n\t\t\t<div class=\"um-right um-half\">\n\t\t\t\t<a href=\"https:\/\/hrprakse.hr\/en\/register\/\" class=\"um-button um-alt\">\n\t\t\t\t\tRegistriraj se\t\t\t\t<\/a>\n\t\t\t<\/div>\n\n\t\t\n\t\t<div class=\"um-clear\"><\/div>\n\n\t<\/div>\n\n\t\n\t<div class=\"um-col-alt-b\">\n\t\t<a href=\"https:\/\/hrprakse.hr\/en\/password-reset\/\" class=\"um-link-alt\">\n\t\t\tForgot your password?\t\t<\/a>\n\t<\/div>\n\n\t\t\t<input type=\"hidden\" name=\"trp-form-language\" value=\"en\"\/><\/form>\n\t<\/div>\n<\/div>\n<style>\n\t\t\t.um-3240.um {\n\t\t\tmax-width: 450px;\n\t\t}\n\t\t<\/style>","protected":false},"excerpt":{"rendered":"Username or E-mail Password Uvjeti kori\u0161tenjaPrihvati uvjete kori\u0161tenjaPreuzmi uvjete kori\u0161tenja Only fill in if you are not human Keep me signed in Registriraj se Forgot your password?","protected":false},"author":2,"featured_media":0,"parent":0,"menu_order":0,"comment_status":"closed","ping_status":"closed","template":"","meta":{"footnotes":""},"class_list":["post-3244","page","type-page","status-publish","hentry"],"yoast_head":"<!-- This site is optimized with the Yoast SEO plugin v27.4 - https:\/\/yoast.com\/product\/yoast-seo-wordpress\/ -->\n<title>Prijava - HR Prakse<\/title>\n<meta name=\"robots\" content=\"index, follow, max-snippet:-1, max-image-preview:large, max-video-preview:-1\" \/>\n<link rel=\"canonical\" href=\"https:\/\/hrprakse.hr\/en\/login-2\/\" \/>\n<meta property=\"og:locale\" content=\"en_GB\" \/>\n<meta property=\"og:type\" content=\"article\" \/>\n<meta property=\"og:title\" content=\"Prijava - HR Prakse\" \/>\n<meta property=\"og:url\" content=\"https:\/\/hrprakse.hr\/en\/login-2\/\" \/>\n<meta property=\"og:site_name\" content=\"HR Prakse\" \/>\n<meta property=\"article:modified_time\" content=\"2022-03-23T11:28:39+00:00\" \/>\n<meta name=\"twitter:card\" content=\"summary_large_image\" \/>\n<meta name=\"twitter:label1\" content=\"Estimated reading time\" \/>\n\t<meta name=\"twitter:data1\" content=\"1 minute\" \/>\n<script type=\"application\/ld+json\" class=\"yoast-schema-graph\">{\"@context\":\"https:\\\/\\\/schema.org\",\"@graph\":[{\"@type\":\"WebPage\",\"@id\":\"https:\\\/\\\/hrprakse.hr\\\/en\\\/login-2\\\/\",\"url\":\"https:\\\/\\\/hrprakse.hr\\\/en\\\/login-2\\\/\",\"name\":\"Prijava - HR Prakse\",\"isPartOf\":{\"@id\":\"https:\\\/\\\/hrprakse.hr\\\/#website\"},\"datePublished\":\"2022-02-15T19:34:03+00:00\",\"dateModified\":\"2022-03-23T11:28:39+00:00\",\"inLanguage\":\"en-GB\",\"potentialAction\":[{\"@type\":\"ReadAction\",\"target\":[\"https:\\\/\\\/hrprakse.hr\\\/en\\\/login-2\\\/\"]}]},{\"@type\":\"WebSite\",\"@id\":\"https:\\\/\\\/hrprakse.hr\\\/#website\",\"url\":\"https:\\\/\\\/hrprakse.hr\\\/\",\"name\":\"HR Prakse\",\"description\":\"najbolje regionalne prakse\",\"potentialAction\":[{\"@type\":\"SearchAction\",\"target\":{\"@type\":\"EntryPoint\",\"urlTemplate\":\"https:\\\/\\\/hrprakse.hr\\\/?s={search_term_string}\"},\"query-input\":{\"@type\":\"PropertyValueSpecification\",\"valueRequired\":true,\"valueName\":\"search_term_string\"}}],\"inLanguage\":\"en-GB\"}]}<\/script>\n<!-- \/ Yoast SEO plugin. -->","yoast_head_json":{"title":"Prijava - HR Prakse","robots":{"index":"index","follow":"follow","max-snippet":"max-snippet:-1","max-image-preview":"max-image-preview:large","max-video-preview":"max-video-preview:-1"},"canonical":"https:\/\/hrprakse.hr\/en\/login-2\/","og_locale":"en_GB","og_type":"article","og_title":"Prijava - HR Prakse","og_url":"https:\/\/hrprakse.hr\/en\/login-2\/","og_site_name":"HR Prakse","article_modified_time":"2022-03-23T11:28:39+00:00","twitter_card":"summary_large_image","twitter_misc":{"Estimated reading time":"1 minute"},"schema":{"@context":"https:\/\/schema.org","@graph":[{"@type":"WebPage","@id":"https:\/\/hrprakse.hr\/en\/login-2\/","url":"https:\/\/hrprakse.hr\/en\/login-2\/","name":"Prijava - HR Prakse","isPartOf":{"@id":"https:\/\/hrprakse.hr\/#website"},"datePublished":"2022-02-15T19:34:03+00:00","dateModified":"2022-03-23T11:28:39+00:00","inLanguage":"en-GB","potentialAction":[{"@type":"ReadAction","target":["https:\/\/hrprakse.hr\/en\/login-2\/"]}]},{"@type":"WebSite","@id":"https:\/\/hrprakse.hr\/#website","url":"https:\/\/hrprakse.hr\/","name":"HR Practice","description":"najbolje regionalne prakse","potentialAction":[{"@type":"SearchAction","target":{"@type":"EntryPoint","urlTemplate":"https:\/\/hrprakse.hr\/?s={search_term_string}"},"query-input":{"@type":"PropertyValueSpecification","valueRequired":true,"valueName":"search_term_string"}}],"inLanguage":"en-GB"}]}},"_links":{"self":[{"href":"https:\/\/hrprakse.hr\/en\/wp-json\/wp\/v2\/pages\/3244","targetHints":{"allow":["GET"]}}],"collection":[{"href":"https:\/\/hrprakse.hr\/en\/wp-json\/wp\/v2\/pages"}],"about":[{"href":"https:\/\/hrprakse.hr\/en\/wp-json\/wp\/v2\/types\/page"}],"author":[{"embeddable":true,"href":"https:\/\/hrprakse.hr\/en\/wp-json\/wp\/v2\/users\/2"}],"replies":[{"embeddable":true,"href":"https:\/\/hrprakse.hr\/en\/wp-json\/wp\/v2\/comments?post=3244"}],"version-history":[{"count":3,"href":"https:\/\/hrprakse.hr\/en\/wp-json\/wp\/v2\/pages\/3244\/revisions"}],"predecessor-version":[{"id":3679,"href":"https:\/\/hrprakse.hr\/en\/wp-json\/wp\/v2\/pages\/3244\/revisions\/3679"}],"wp:attachment":[{"href":"https:\/\/hrprakse.hr\/en\/wp-json\/wp\/v2\/media?parent=3244"}],"curies":[{"name":"wp","href":"https:\/\/api.w.org\/{rel}","templated":true}]}}